{"id":967,"date":"2015-01-24T15:22:57","date_gmt":"2015-01-24T15:22:57","guid":{"rendered":"https:\/\/ebrav.wordpress.com\/?page_id=967"},"modified":"2025-12-31T17:09:50","modified_gmt":"2025-12-31T16:09:50","slug":"sortie-du-4-janvier-2015","status":"publish","type":"page","link":"https:\/\/rueilavelo.fr\/rav\/photos\/sortie-du-4-janvier-2015\/","title":{"rendered":"Sortie du 4 janvier 2015"},"content":{"rendered":"<p>Une sortie \u00e0 la fra\u00eeche avec une belle exp\u00e9rience de r\u00e9paration de \u00e0 la bombe anti-crevaison, avec un r\u00e9sultat&#8230; surprenant. Reportage&#8230;<a href=\"https:\/\/rueilavelo.fr\/rav\/wp-content\/uploads\/2015\/01\/20150104_111832.jpg\"><img loading=\"lazy\" decoding=\"async\" class=\"aligncenter wp-image-968 size-large\" src=\"https:\/\/rueilavelo.fr\/rav\/wp-content\/uploads\/2015\/01\/20150104_111832-e1747302301355-768x1024.jpg\" alt=\"20150104_111832\" width=\"768\" height=\"1024\" srcset=\"https:\/\/rueilavelo.fr\/rav\/wp-content\/uploads\/2015\/01\/20150104_111832-e1747302301355-768x1024.jpg 768w, https:\/\/rueilavelo.fr\/rav\/wp-content\/uploads\/2015\/01\/20150104_111832-e1747302301355-225x300.jpg 225w, https:\/\/rueilavelo.fr\/rav\/wp-content\/uploads\/2015\/01\/20150104_111832-e1747302301355-1152x1536.jpg 1152w, https:\/\/rueilavelo.fr\/rav\/wp-content\/uploads\/2015\/01\/20150104_111832-e1747302301355.jpg 1500w\" sizes=\"auto, (max-width: 768px) 100vw, 768px\" \/><\/a> <a href=\"https:\/\/rueilavelo.fr\/rav\/wp-content\/uploads\/2015\/01\/20150104_113610.jpg\"><img loading=\"lazy\" decoding=\"async\" class=\"aligncenter wp-image-969 size-large\" src=\"https:\/\/rueilavelo.fr\/rav\/wp-content\/uploads\/2015\/01\/20150104_113610-e1747302291795-1024x768.jpg\" alt=\"20150104_113610\" width=\"825\" height=\"619\" srcset=\"https:\/\/rueilavelo.fr\/rav\/wp-content\/uploads\/2015\/01\/20150104_113610-e1747302291795-1024x768.jpg 1024w, https:\/\/rueilavelo.fr\/rav\/wp-content\/uploads\/2015\/01\/20150104_113610-e1747302291795-300x225.jpg 300w, https:\/\/rueilavelo.fr\/rav\/wp-content\/uploads\/2015\/01\/20150104_113610-e1747302291795-768x576.jpg 768w, https:\/\/rueilavelo.fr\/rav\/wp-content\/uploads\/2015\/01\/20150104_113610-e1747302291795-1536x1152.jpg 1536w, https:\/\/rueilavelo.fr\/rav\/wp-content\/uploads\/2015\/01\/20150104_113610-e1747302291795.jpg 2000w\" sizes=\"auto, (max-width: 825px) 100vw, 825px\" \/><\/a> <a href=\"https:\/\/rueilavelo.fr\/rav\/wp-content\/uploads\/2015\/01\/20150104_113638.jpg\"><img loading=\"lazy\" decoding=\"async\" class=\"aligncenter wp-image-970 size-large\" src=\"https:\/\/rueilavelo.fr\/rav\/wp-content\/uploads\/2015\/01\/20150104_113638-e1747302277518-1024x768.jpg\" alt=\"20150104_113638\" width=\"825\" height=\"619\" srcset=\"https:\/\/rueilavelo.fr\/rav\/wp-content\/uploads\/2015\/01\/20150104_113638-e1747302277518-1024x768.jpg 1024w, https:\/\/rueilavelo.fr\/rav\/wp-content\/uploads\/2015\/01\/20150104_113638-e1747302277518-300x225.jpg 300w, https:\/\/rueilavelo.fr\/rav\/wp-content\/uploads\/2015\/01\/20150104_113638-e1747302277518-768x576.jpg 768w, https:\/\/rueilavelo.fr\/rav\/wp-content\/uploads\/2015\/01\/20150104_113638-e1747302277518-1536x1152.jpg 1536w, https:\/\/rueilavelo.fr\/rav\/wp-content\/uploads\/2015\/01\/20150104_113638-e1747302277518.jpg 2000w\" sizes=\"auto, (max-width: 825px) 100vw, 825px\" \/><\/a> <a href=\"https:\/\/rueilavelo.fr\/rav\/wp-content\/uploads\/2015\/01\/20150104_113654.jpg\"><img loading=\"lazy\" decoding=\"async\" class=\"aligncenter wp-image-971 size-large\" src=\"https:\/\/rueilavelo.fr\/rav\/wp-content\/uploads\/2015\/01\/20150104_113654-e1747302262132-1024x768.jpg\" alt=\"20150104_113654\" width=\"825\" height=\"619\" srcset=\"https:\/\/rueilavelo.fr\/rav\/wp-content\/uploads\/2015\/01\/20150104_113654-e1747302262132-1024x768.jpg 1024w, https:\/\/rueilavelo.fr\/rav\/wp-content\/uploads\/2015\/01\/20150104_113654-e1747302262132-300x225.jpg 300w, https:\/\/rueilavelo.fr\/rav\/wp-content\/uploads\/2015\/01\/20150104_113654-e1747302262132-768x576.jpg 768w, https:\/\/rueilavelo.fr\/rav\/wp-content\/uploads\/2015\/01\/20150104_113654-e1747302262132-1536x1152.jpg 1536w, https:\/\/rueilavelo.fr\/rav\/wp-content\/uploads\/2015\/01\/20150104_113654-e1747302262132.jpg 2000w\" sizes=\"auto, (max-width: 825px) 100vw, 825px\" \/><\/a> <a href=\"https:\/\/rueilavelo.fr\/rav\/wp-content\/uploads\/2015\/01\/20150104_102832.jpg\"><img loading=\"lazy\" decoding=\"async\" class=\"aligncenter wp-image-972 size-large\" src=\"https:\/\/rueilavelo.fr\/rav\/wp-content\/uploads\/2015\/01\/20150104_102832-e1747302251326-768x1024.jpg\" alt=\"20150104_102832\" width=\"768\" height=\"1024\" srcset=\"https:\/\/rueilavelo.fr\/rav\/wp-content\/uploads\/2015\/01\/20150104_102832-e1747302251326-768x1024.jpg 768w, https:\/\/rueilavelo.fr\/rav\/wp-content\/uploads\/2015\/01\/20150104_102832-e1747302251326-225x300.jpg 225w, https:\/\/rueilavelo.fr\/rav\/wp-content\/uploads\/2015\/01\/20150104_102832-e1747302251326-1152x1536.jpg 1152w, https:\/\/rueilavelo.fr\/rav\/wp-content\/uploads\/2015\/01\/20150104_102832-e1747302251326.jpg 1500w\" sizes=\"auto, (max-width: 768px) 100vw, 768px\" \/><\/a> <a href=\"https:\/\/rueilavelo.fr\/rav\/wp-content\/uploads\/2015\/01\/20150104_102834.jpg\"><img loading=\"lazy\" decoding=\"async\" class=\"aligncenter wp-image-973 size-large\" src=\"https:\/\/rueilavelo.fr\/rav\/wp-content\/uploads\/2015\/01\/20150104_102834-e1747302237955-768x1024.jpg\" alt=\"20150104_102834\" width=\"768\" height=\"1024\" srcset=\"https:\/\/rueilavelo.fr\/rav\/wp-content\/uploads\/2015\/01\/20150104_102834-e1747302237955-768x1024.jpg 768w, https:\/\/rueilavelo.fr\/rav\/wp-content\/uploads\/2015\/01\/20150104_102834-e1747302237955-225x300.jpg 225w, https:\/\/rueilavelo.fr\/rav\/wp-content\/uploads\/2015\/01\/20150104_102834-e1747302237955-1152x1536.jpg 1152w, https:\/\/rueilavelo.fr\/rav\/wp-content\/uploads\/2015\/01\/20150104_102834-e1747302237955.jpg 1500w\" sizes=\"auto, (max-width: 768px) 100vw, 768px\" \/><\/a> <a href=\"https:\/\/rueilavelo.fr\/rav\/wp-content\/uploads\/2015\/01\/20150104_111415.jpg\"><img loading=\"lazy\" decoding=\"async\" class=\"aligncenter wp-image-974 size-large\" src=\"https:\/\/rueilavelo.fr\/rav\/wp-content\/uploads\/2015\/01\/20150104_111415-e1747302225150-1024x768.jpg\" alt=\"20150104_111415\" width=\"825\" height=\"619\" srcset=\"https:\/\/rueilavelo.fr\/rav\/wp-content\/uploads\/2015\/01\/20150104_111415-e1747302225150-1024x768.jpg 1024w, https:\/\/rueilavelo.fr\/rav\/wp-content\/uploads\/2015\/01\/20150104_111415-e1747302225150-300x225.jpg 300w, https:\/\/rueilavelo.fr\/rav\/wp-content\/uploads\/2015\/01\/20150104_111415-e1747302225150-768x576.jpg 768w, https:\/\/rueilavelo.fr\/rav\/wp-content\/uploads\/2015\/01\/20150104_111415-e1747302225150-1536x1152.jpg 1536w, https:\/\/rueilavelo.fr\/rav\/wp-content\/uploads\/2015\/01\/20150104_111415-e1747302225150.jpg 2000w\" sizes=\"auto, (max-width: 825px) 100vw, 825px\" \/><\/a> <a href=\"https:\/\/rueilavelo.fr\/rav\/wp-content\/uploads\/2015\/01\/20150104_111439.jpg\"><img loading=\"lazy\" decoding=\"async\" class=\"aligncenter wp-image-975 size-large\" src=\"https:\/\/rueilavelo.fr\/rav\/wp-content\/uploads\/2015\/01\/20150104_111439-e1747302211611-1024x768.jpg\" alt=\"20150104_111439\" width=\"825\" height=\"619\" srcset=\"https:\/\/rueilavelo.fr\/rav\/wp-content\/uploads\/2015\/01\/20150104_111439-e1747302211611-1024x768.jpg 1024w, https:\/\/rueilavelo.fr\/rav\/wp-content\/uploads\/2015\/01\/20150104_111439-e1747302211611-300x225.jpg 300w, https:\/\/rueilavelo.fr\/rav\/wp-content\/uploads\/2015\/01\/20150104_111439-e1747302211611-768x576.jpg 768w, https:\/\/rueilavelo.fr\/rav\/wp-content\/uploads\/2015\/01\/20150104_111439-e1747302211611-1536x1152.jpg 1536w, https:\/\/rueilavelo.fr\/rav\/wp-content\/uploads\/2015\/01\/20150104_111439-e1747302211611.jpg 2000w\" sizes=\"auto, (max-width: 825px) 100vw, 825px\" \/><\/a> <a href=\"https:\/\/rueilavelo.fr\/rav\/wp-content\/uploads\/2015\/01\/20150104_111822.jpg\"><img loading=\"lazy\" decoding=\"async\" class=\"aligncenter wp-image-976 size-large\" src=\"https:\/\/rueilavelo.fr\/rav\/wp-content\/uploads\/2015\/01\/20150104_111822-e1747302198435-1024x768.jpg\" alt=\"20150104_111822\" width=\"825\" height=\"619\" srcset=\"https:\/\/rueilavelo.fr\/rav\/wp-content\/uploads\/2015\/01\/20150104_111822-e1747302198435-1024x768.jpg 1024w, https:\/\/rueilavelo.fr\/rav\/wp-content\/uploads\/2015\/01\/20150104_111822-e1747302198435-300x225.jpg 300w, https:\/\/rueilavelo.fr\/rav\/wp-content\/uploads\/2015\/01\/20150104_111822-e1747302198435-768x576.jpg 768w, https:\/\/rueilavelo.fr\/rav\/wp-content\/uploads\/2015\/01\/20150104_111822-e1747302198435-1536x1152.jpg 1536w, https:\/\/rueilavelo.fr\/rav\/wp-content\/uploads\/2015\/01\/20150104_111822-e1747302198435.jpg 2000w\" sizes=\"auto, (max-width: 825px) 100vw, 825px\" \/><\/a><\/p>\n","protected":false},"excerpt":{"rendered":"<p>Une sortie \u00e0 la fra\u00eeche avec une belle exp\u00e9rience de r\u00e9paration de \u00e0 la bombe anti-crevaison, avec un r\u00e9sultat&#8230; surprenant. &hellip; <a href=\"https:\/\/rueilavelo.fr\/rav\/photos\/sortie-du-4-janvier-2015\/\" class=\"more-link\">Plus <span class=\"screen-reader-text\">Sortie du 4 janvier 2015<\/span> <span class=\"meta-nav\">&rarr;<\/span><\/a><\/p>\n","protected":false},"author":2,"featured_media":0,"parent":54,"menu_order":7,"comment_status":"closed","ping_status":"open","template":"","meta":{"footnotes":""},"class_list":["post-967","page","type-page","status-publish","hentry"],"_links":{"self":[{"href":"https:\/\/rueilavelo.fr\/rav\/wp-json\/wp\/v2\/pages\/967","targetHints":{"allow":["GET"]}}],"collection":[{"href":"https:\/\/rueilavelo.fr\/rav\/wp-json\/wp\/v2\/pages"}],"about":[{"href":"https:\/\/rueilavelo.fr\/rav\/wp-json\/wp\/v2\/types\/page"}],"author":[{"embeddable":true,"href":"https:\/\/rueilavelo.fr\/rav\/wp-json\/wp\/v2\/users\/2"}],"replies":[{"embeddable":true,"href":"https:\/\/rueilavelo.fr\/rav\/wp-json\/wp\/v2\/comments?post=967"}],"version-history":[{"count":1,"href":"https:\/\/rueilavelo.fr\/rav\/wp-json\/wp\/v2\/pages\/967\/revisions"}],"predecessor-version":[{"id":5255,"href":"https:\/\/rueilavelo.fr\/rav\/wp-json\/wp\/v2\/pages\/967\/revisions\/5255"}],"up":[{"embeddable":true,"href":"https:\/\/rueilavelo.fr\/rav\/wp-json\/wp\/v2\/pages\/54"}],"wp:attachment":[{"href":"https:\/\/rueilavelo.fr\/rav\/wp-json\/wp\/v2\/media?parent=967"}],"curies":[{"name":"wp","href":"https:\/\/api.w.org\/{rel}","templated":true}]}}